{"id":14,"date":"2013-11-27T16:57:26","date_gmt":"2013-11-27T15:57:26","guid":{"rendered":"http:\/\/reseoit.ezyserver.se\/?page_id=14"},"modified":"2020-10-26T08:29:22","modified_gmt":"2020-10-26T07:29:22","slug":"om-rese-it-compagniet","status":"publish","type":"page","link":"http:\/\/www.reseoit.se\/index.php\/om-rese-it-compagniet\/","title":{"rendered":"Om Rese &#038; IT Compagniet"},"content":{"rendered":"<div id='welcome'  class='av-layout-grid-container av-7w7fzh-0beadef475c10513cfbced196a56ee71 entry-content-wrapper main_color av-fixed-cells  avia-builder-el-0  el_before_av_layout_row  avia-builder-el-first   container_wrap sidebar_right'  >\n\n<style type=\"text\/css\" data-created_by=\"avia_inline_auto\" id=\"style-css-av-7p7cd9-4ac2742e1b09060ff0aa25ac45e204b9\">\n.flex_cell.av-7p7cd9-4ac2742e1b09060ff0aa25ac45e204b9{\nvertical-align:top;\nheight:15px;\nmin-height:15px;\nbackground-color:#2388C2;\n}\n.responsive #top #wrap_all .flex_cell.av-7p7cd9-4ac2742e1b09060ff0aa25ac45e204b9{\npadding:0px 0px 0px 0px !important;\n}\n<\/style>\n<div class='flex_cell av-7p7cd9-4ac2742e1b09060ff0aa25ac45e204b9 av-gridrow-cell av_one_fourth no_margin  avia-builder-el-1  el_before_av_cell_one_fourth  avia-builder-el-first  av-zero-padding' ><div class='flex_cell_inner'><\/div><\/div>\n<style type=\"text\/css\" data-created_by=\"avia_inline_auto\" id=\"style-css-av-7ibiat-3e06bc54aff65b59d23d4e37030213e5\">\n.flex_cell.av-7ibiat-3e06bc54aff65b59d23d4e37030213e5{\nvertical-align:top;\nheight:15px;\nmin-height:15px;\nbackground-color:#379cd6;\n}\n.responsive #top #wrap_all .flex_cell.av-7ibiat-3e06bc54aff65b59d23d4e37030213e5{\npadding:0px 0px 0px 0px !important;\n}\n<\/style>\n<div class='flex_cell av-7ibiat-3e06bc54aff65b59d23d4e37030213e5 av-gridrow-cell av_one_fourth no_margin  avia-builder-el-2  el_after_av_cell_one_fourth  el_before_av_cell_one_fourth  av-zero-padding' ><div class='flex_cell_inner'><\/div><\/div>\n<style type=\"text\/css\" data-created_by=\"avia_inline_auto\" id=\"style-css-av-qa5x9-1de72140fbe073416ead223a7ce31c48\">\n.flex_cell.av-qa5x9-1de72140fbe073416ead223a7ce31c48{\nvertical-align:top;\nheight:15px;\nmin-height:15px;\nbackground-color:#5fb4e4;\n}\n.responsive #top #wrap_all .flex_cell.av-qa5x9-1de72140fbe073416ead223a7ce31c48{\npadding:0px 0px 0px 0px !important;\n}\n<\/style>\n<div class='flex_cell av-qa5x9-1de72140fbe073416ead223a7ce31c48 av-gridrow-cell av_one_fourth no_margin  avia-builder-el-3  el_after_av_cell_one_fourth  el_before_av_cell_one_fourth  av-zero-padding' ><div class='flex_cell_inner'><\/div><\/div>\n<style type=\"text\/css\" data-created_by=\"avia_inline_auto\" id=\"style-css-av-777sn1-efeeedc4c6651d2dbbd51b69e77296b1\">\n.flex_cell.av-777sn1-efeeedc4c6651d2dbbd51b69e77296b1{\nvertical-align:top;\nheight:15px;\nmin-height:15px;\nbackground-color:#80c7ef;\n}\n.responsive #top #wrap_all .flex_cell.av-777sn1-efeeedc4c6651d2dbbd51b69e77296b1{\npadding:0px 0px 0px 0px !important;\n}\n<\/style>\n<div class='flex_cell av-777sn1-efeeedc4c6651d2dbbd51b69e77296b1 av-gridrow-cell av_one_fourth no_margin  avia-builder-el-4  el_after_av_cell_one_fourth  avia-builder-el-last  av-zero-padding' ><div class='flex_cell_inner'><\/div><\/div>\n<\/div>\n<div id='hello'  class='av-layout-grid-container av-6zgost-ae2955c7e44580e7bcef2a6ae01f3261 entry-content-wrapper main_color av-flex-cells  avia-builder-el-5  el_after_av_layout_row  avia-builder-el-last  grid-row-not-first  container_wrap sidebar_right'  >\n\n<style type=\"text\/css\" data-created_by=\"avia_inline_auto\" id=\"style-css-av-oto9h-e2eb8320068b79021d78748ea1812d60\">\n.flex_cell.av-oto9h-e2eb8320068b79021d78748ea1812d60{\nvertical-align:top;\n}\n.responsive #top #wrap_all .flex_cell.av-oto9h-e2eb8320068b79021d78748ea1812d60{\npadding:100px 100px 100px 100px !important;\n}\n<\/style>\n<div class='flex_cell av-oto9h-e2eb8320068b79021d78748ea1812d60 av-gridrow-cell av_one_half no_margin  avia-builder-el-6  el_before_av_cell_one_half  avia-builder-el-first ' ><div class='flex_cell_inner'><p>\n<style type=\"text\/css\" data-created_by=\"avia_inline_auto\" id=\"style-css-av-av_heading-a7a3222b1fbdb105555d2dc7ac9a60c1\">\n#top .av-special-heading.av-av_heading-a7a3222b1fbdb105555d2dc7ac9a60c1{\npadding-bottom:10px;\nfont-size:60px;\n}\nbody .av-special-heading.av-av_heading-a7a3222b1fbdb105555d2dc7ac9a60c1 .av-special-heading-tag .heading-char{\nfont-size:25px;\n}\n#top #wrap_all .av-special-heading.av-av_heading-a7a3222b1fbdb105555d2dc7ac9a60c1 .av-special-heading-tag{\nfont-size:60px;\n}\n.av-special-heading.av-av_heading-a7a3222b1fbdb105555d2dc7ac9a60c1 .av-subheading{\nfont-size:15px;\n}\n\n@media only screen and (min-width: 480px) and (max-width: 767px){ \n#top #wrap_all .av-special-heading.av-av_heading-a7a3222b1fbdb105555d2dc7ac9a60c1 .av-special-heading-tag{\nfont-size:0.8em;\n}\n}\n\n@media only screen and (max-width: 479px){ \n#top #wrap_all .av-special-heading.av-av_heading-a7a3222b1fbdb105555d2dc7ac9a60c1 .av-special-heading-tag{\nfont-size:0.8em;\n}\n}\n<\/style>\n<div  class='av-special-heading av-av_heading-a7a3222b1fbdb105555d2dc7ac9a60c1 av-special-heading-h1 meta-heading blockquote modern-quote  avia-builder-el-7  el_before_av_textblock  avia-builder-el-first  av-inherit-size'><h1 class='av-special-heading-tag'  itemprop=\"headline\"  >Om Rese <span class='special_amp'>&amp;<\/span> IT Compagniet<\/h1><div class=\"special-heading-border\"><div class=\"special-heading-inner-border\"><\/div><\/div><\/div><br \/>\n<section  class='av_textblock_section av-xony-301e2c2d84a61caa2d303d811d510335'  itemscope=\"itemscope\" itemtype=\"https:\/\/schema.org\/CreativeWork\" ><div class='avia_textblock'  itemprop=\"text\" ><p>Rese &amp; IT Compagniet \u00e4r ett konsultf\u00f6retag i rese- och IT branschen. F\u00f6retaget startades 1995 och drivs av mig, Janne Nordlander. Rese &amp; IT har en historia med engagemang i m\u00e5nga olika bolag sedan mitten av 90 talet:<\/p>\n<ul>\n<li>Lion Alpin, Sveriges ledande skidresearrang\u00f6r till Alperna mellan 1995 \u2013 2000<\/li>\n<li>ezyTravel\/Webwerkstaden, leverant\u00f6r i resebranschen av e-commerce l\u00f6sningar (web, bokningssystem, integrationer, appar etc.) framf\u00f6rallt f\u00f6r ett 40-tal flygbolag i alla v\u00e4rldsdelar mellan 1995 \u2013 2016<\/li>\n<li>Go InStyle \u2013 skr\u00e4ddarsydda resor till Karibien, Indiska Oceanen, Afrika, Asien mm 2017 \u2013 Corona (mars 2020)<\/li>\n<li>Ett antal andra projekt under \u00e5ren, online resebyr\u00e5er, researrang\u00f6rer, rese Communitys mm.<\/li>\n<li>Numer support f\u00f6r diverse investeringar i startups och avgr\u00e4nsade konsultuppdrag<\/li>\n<\/ul>\n<\/div><\/section><\/p>\n<\/div><\/div>\n<style type=\"text\/css\" data-created_by=\"avia_inline_auto\" id=\"style-css-av-61aph9-fba6ed1dd6f398a129693d71ba3157f6\">\n.flex_cell.av-61aph9-fba6ed1dd6f398a129693d71ba3157f6{\nvertical-align:top;\nbackground:url(http:\/\/www.reseoit.se\/wp-content\/uploads\/2020\/10\/emotions-3785476_1920-1030x750.jpg) 50% 50% no-repeat scroll #ffffff;\n}\n.responsive #top #wrap_all .flex_cell.av-61aph9-fba6ed1dd6f398a129693d71ba3157f6{\npadding:100px 100px 100px 100px !important;\n}\n<\/style>\n<div class='flex_cell av-61aph9-fba6ed1dd6f398a129693d71ba3157f6 av-gridrow-cell av_one_half no_margin  avia-builder-el-9  el_after_av_cell_one_half  avia-builder-el-last  avia-full-stretch' ><div class='flex_cell_inner'><\/div><\/div><\/div>\n","protected":false},"excerpt":{"rendered":"","protected":false},"author":1,"featured_media":0,"parent":0,"menu_order":0,"comment_status":"open","ping_status":"open","template":"","meta":[],"_links":{"self":[{"href":"http:\/\/www.reseoit.se\/index.php\/wp-json\/wp\/v2\/pages\/14"}],"collection":[{"href":"http:\/\/www.reseoit.se\/index.php\/wp-json\/wp\/v2\/pages"}],"about":[{"href":"http:\/\/www.reseoit.se\/index.php\/wp-json\/wp\/v2\/types\/page"}],"author":[{"embeddable":true,"href":"http:\/\/www.reseoit.se\/index.php\/wp-json\/wp\/v2\/users\/1"}],"replies":[{"embeddable":true,"href":"http:\/\/www.reseoit.se\/index.php\/wp-json\/wp\/v2\/comments?post=14"}],"version-history":[{"count":28,"href":"http:\/\/www.reseoit.se\/index.php\/wp-json\/wp\/v2\/pages\/14\/revisions"}],"predecessor-version":[{"id":399,"href":"http:\/\/www.reseoit.se\/index.php\/wp-json\/wp\/v2\/pages\/14\/revisions\/399"}],"wp:attachment":[{"href":"http:\/\/www.reseoit.se\/index.php\/wp-json\/wp\/v2\/media?parent=14"}],"curies":[{"name":"wp","href":"https:\/\/api.w.org\/{rel}","templated":true}]}}