{"id":377,"date":"2016-05-19T17:13:20","date_gmt":"2016-05-19T17:13:20","guid":{"rendered":"http:\/\/test.kriesi.at\/enfold-health-coach\/?page_id=143"},"modified":"2020-10-22T17:38:41","modified_gmt":"2020-10-22T15:38:41","slug":"home-2","status":"publish","type":"page","link":"https:\/\/www.reseoit.se\/","title":{"rendered":"Home"},"content":{"rendered":"<div   class='avia-fullscreen-slider main_color   avia-builder-el-0  el_before_av_layout_row  avia-builder-el-first  container_wrap sidebar_right'  >\n<style type=\"text\/css\" data-created_by=\"avia_inline_auto\" id=\"style-css-av-z2cqh-af25fe79435ed59c836f0058743fce65\">\n#top #wrap_all .avia-slideshow .av-slideshow-caption.av-z2cqh-af25fe79435ed59c836f0058743fce65__0 .avia-caption-title{\nfont-size:70px;\n}\n#top .avia-slideshow .av-slideshow-caption.av-z2cqh-af25fe79435ed59c836f0058743fce65__0 .avia-caption-content{\nfont-size:24px;\n}\n#top .avia-slideshow .av-slideshow-caption.av-z2cqh-af25fe79435ed59c836f0058743fce65__0 .avia-caption-content p{\nfont-size:24px;\n}\n<\/style>\n<a href='#next-section' title='' class='scroll-down-link av-control-hidden' aria-hidden='true' data-av_icon='\ue877' data-av_iconfont='entypo-fontello'><\/a><div  class='avia-slideshow av-z2cqh-af25fe79435ed59c836f0058743fce65 avia-slideshow-no scaling av_fullscreen avia-fade-slider av-slideshow-ui av-control-hidden av-no-slider-navigation av-hide-nav-arrows av-slideshow-autoplay av-loop-endless av-loop-manual-endless av-slider-scroll-down-active av-default-height-applied   avia-slideshow-1' data-slideshow-options=\"{&quot;animation&quot;:&quot;fade&quot;,&quot;autoplay&quot;:true,&quot;loop_autoplay&quot;:&quot;endless&quot;,&quot;interval&quot;:7,&quot;loop_manual&quot;:&quot;manual-endless&quot;,&quot;autoplay_stopper&quot;:false,&quot;noNavigation&quot;:true,&quot;bg_slider&quot;:true,&quot;keep_padding&quot;:false,&quot;hoverpause&quot;:false,&quot;show_slide_delay&quot;:0,&quot;slide_height&quot;:&quot;100&quot;,&quot;image_attachment&quot;:&quot;&quot;}\"  itemprop=\"image\" itemscope=\"itemscope\" itemtype=\"https:\/\/schema.org\/ImageObject\" ><ul class='avia-slideshow-inner ' style='padding-bottom: 47.8125%;'><li style='background-position:center center;' data-img-url='https:\/\/www.reseoit.se\/wp-content\/uploads\/2020\/10\/Delos-II-scaled.jpg' class='avia-slideshow-slide av-z2cqh-af25fe79435ed59c836f0058743fce65__1  av-single-slide slide-1 slide-odd'><div data-rel='slideshow-1' class='avia-slide-wrap '   ><div class='av-section-color-overlay' style='opacity: 0.3; background-color: #000000; '><\/div><\/div><\/li><\/ul><\/div><\/div>\n<div id='welcome'  class='av-layout-grid-container av-7w7fzh-0beadef475c10513cfbced196a56ee71 entry-content-wrapper main_color av-fixed-cells  avia-builder-el-1  el_after_av_fullscreen  el_before_av_layout_row  grid-row-not-first  container_wrap sidebar_right'  >\n\n<style type=\"text\/css\" data-created_by=\"avia_inline_auto\" id=\"style-css-av-7p7cd9-4ac2742e1b09060ff0aa25ac45e204b9\">\n.flex_cell.av-7p7cd9-4ac2742e1b09060ff0aa25ac45e204b9{\nvertical-align:top;\nheight:15px;\nmin-height:15px;\nbackground-color:#2388C2;\n}\n.responsive #top #wrap_all .flex_cell.av-7p7cd9-4ac2742e1b09060ff0aa25ac45e204b9{\npadding:0px 0px 0px 0px !important;\n}\n<\/style>\n<div class='flex_cell av-7p7cd9-4ac2742e1b09060ff0aa25ac45e204b9 av-gridrow-cell av_one_fourth no_margin  avia-builder-el-2  el_before_av_cell_one_fourth  avia-builder-el-first  av-zero-padding' ><div class='flex_cell_inner'><\/div><\/div>\n<style type=\"text\/css\" data-created_by=\"avia_inline_auto\" id=\"style-css-av-7ibiat-3e06bc54aff65b59d23d4e37030213e5\">\n.flex_cell.av-7ibiat-3e06bc54aff65b59d23d4e37030213e5{\nvertical-align:top;\nheight:15px;\nmin-height:15px;\nbackground-color:#379cd6;\n}\n.responsive #top #wrap_all .flex_cell.av-7ibiat-3e06bc54aff65b59d23d4e37030213e5{\npadding:0px 0px 0px 0px !important;\n}\n<\/style>\n<div class='flex_cell av-7ibiat-3e06bc54aff65b59d23d4e37030213e5 av-gridrow-cell av_one_fourth no_margin  avia-builder-el-3  el_after_av_cell_one_fourth  el_before_av_cell_one_fourth  av-zero-padding' ><div class='flex_cell_inner'><\/div><\/div>\n<style type=\"text\/css\" data-created_by=\"avia_inline_auto\" id=\"style-css-av-qa5x9-1de72140fbe073416ead223a7ce31c48\">\n.flex_cell.av-qa5x9-1de72140fbe073416ead223a7ce31c48{\nvertical-align:top;\nheight:15px;\nmin-height:15px;\nbackground-color:#5fb4e4;\n}\n.responsive #top #wrap_all .flex_cell.av-qa5x9-1de72140fbe073416ead223a7ce31c48{\npadding:0px 0px 0px 0px !important;\n}\n<\/style>\n<div class='flex_cell av-qa5x9-1de72140fbe073416ead223a7ce31c48 av-gridrow-cell av_one_fourth no_margin  avia-builder-el-4  el_after_av_cell_one_fourth  el_before_av_cell_one_fourth  av-zero-padding' ><div class='flex_cell_inner'><\/div><\/div>\n<style type=\"text\/css\" data-created_by=\"avia_inline_auto\" id=\"style-css-av-777sn1-efeeedc4c6651d2dbbd51b69e77296b1\">\n.flex_cell.av-777sn1-efeeedc4c6651d2dbbd51b69e77296b1{\nvertical-align:top;\nheight:15px;\nmin-height:15px;\nbackground-color:#80c7ef;\n}\n.responsive #top #wrap_all .flex_cell.av-777sn1-efeeedc4c6651d2dbbd51b69e77296b1{\npadding:0px 0px 0px 0px !important;\n}\n<\/style>\n<div class='flex_cell av-777sn1-efeeedc4c6651d2dbbd51b69e77296b1 av-gridrow-cell av_one_fourth no_margin  avia-builder-el-5  el_after_av_cell_one_fourth  avia-builder-el-last  av-zero-padding' ><div class='flex_cell_inner'><\/div><\/div>\n<\/div>\n<div id='hello'  class='av-layout-grid-container av-8d4s1d-950e5732d7617d467e673eb0f89a5b67 entry-content-wrapper main_color av-flex-cells  avia-builder-el-6  el_after_av_layout_row  el_before_av_layout_row  grid-row-not-first  container_wrap sidebar_right'  >\n\n<style type=\"text\/css\" data-created_by=\"avia_inline_auto\" id=\"style-css-av-88xsup-0ae6f9181c415cb1d2f798c5b12711ca\">\n.flex_cell.av-88xsup-0ae6f9181c415cb1d2f798c5b12711ca{\nvertical-align:top;\n}\n.responsive #top #wrap_all .flex_cell.av-88xsup-0ae6f9181c415cb1d2f798c5b12711ca{\npadding:100px 100px 100px 100px !important;\n}\n<\/style>\n<div class='flex_cell av-88xsup-0ae6f9181c415cb1d2f798c5b12711ca av-gridrow-cell av_one_half no_margin  avia-builder-el-7  el_before_av_cell_one_half  avia-builder-el-first ' ><div class='flex_cell_inner'><p>\n<style type=\"text\/css\" data-created_by=\"avia_inline_auto\" id=\"style-css-av-av_heading-adb04e351d61bd61b7f7076c56753d99\">\n#top .av-special-heading.av-av_heading-adb04e351d61bd61b7f7076c56753d99{\npadding-bottom:30px;\nfont-size:70px;\n}\nbody .av-special-heading.av-av_heading-adb04e351d61bd61b7f7076c56753d99 .av-special-heading-tag .heading-char{\nfont-size:25px;\n}\n#top #wrap_all .av-special-heading.av-av_heading-adb04e351d61bd61b7f7076c56753d99 .av-special-heading-tag{\nfont-size:70px;\n}\n.av-special-heading.av-av_heading-adb04e351d61bd61b7f7076c56753d99 .av-subheading{\nfont-size:15px;\n}\n\n@media only screen and (min-width: 480px) and (max-width: 767px){ \n#top #wrap_all .av-special-heading.av-av_heading-adb04e351d61bd61b7f7076c56753d99 .av-special-heading-tag{\nfont-size:0.8em;\n}\n}\n\n@media only screen and (max-width: 479px){ \n#top #wrap_all .av-special-heading.av-av_heading-adb04e351d61bd61b7f7076c56753d99 .av-special-heading-tag{\nfont-size:0.8em;\n}\n}\n<\/style>\n<div  class='av-special-heading av-av_heading-adb04e351d61bd61b7f7076c56753d99 av-special-heading-h1 meta-heading blockquote modern-quote  avia-builder-el-8  el_before_av_textblock  avia-builder-el-first  av-inherit-size'><h1 class='av-special-heading-tag'  itemprop=\"headline\"  >Hej <u>och<\/u> v\u00e4lkommen!<\/h1><div class=\"special-heading-border\"><div class=\"special-heading-inner-border\"><\/div><\/div><\/div><br \/>\n<section  class='av_textblock_section av-7wyfj5-a0519bdc1d992ee1fa2c5debb29a85ac'  itemscope=\"itemscope\" itemtype=\"https:\/\/schema.org\/CreativeWork\" ><div class='avia_textblock'  itemprop=\"text\" ><p class=\"p1\">Rese &amp; IT Compagniet \u00e4r ett konsultf\u00f6retag i rese- och IT branschen. F\u00f6retaget startades 1995 och drivs av mig, Janne Nordlander. Bolaget har en brokig historia med mycket engagemang och erfarenhet inom resor och IT, <a href=\"http:\/\/www.reseoit.se\/index.php\/om-rese-it-compagniet\/\">l\u00e4s g\u00e4rna mer h\u00e4r<\/a>!<\/p>\n<\/div><\/section><br \/>\n\n<style type=\"text\/css\" data-created_by=\"avia_inline_auto\" id=\"style-css-av-7ql4wh-df18a87d0359d3286c69f66e673d6176\">\n#top .hr.hr-invisible.av-7ql4wh-df18a87d0359d3286c69f66e673d6176{\nheight:20px;\n}\n<\/style>\n<div  class='hr av-7ql4wh-df18a87d0359d3286c69f66e673d6176 hr-invisible  avia-builder-el-10  el_after_av_textblock  el_before_av_textblock '><span class='hr-inner '><span class=\"hr-inner-style\"><\/span><\/span><\/div><br \/>\n\n<style type=\"text\/css\" data-created_by=\"avia_inline_auto\" id=\"style-css-av-7h1g7t-cd5a50c064ca772445818908d951628c\">\n#top .av_textblock_section.av-7h1g7t-cd5a50c064ca772445818908d951628c .avia_textblock{\nfont-size:29px;\ncolor:#ed9704;\n}\n<\/style>\n<section  class='av_textblock_section av-7h1g7t-cd5a50c064ca772445818908d951628c'  itemscope=\"itemscope\" itemtype=\"https:\/\/schema.org\/CreativeWork\" ><div class='avia_textblock av_inherit_color'  itemprop=\"text\" ><p><span style=\"text-decoration: underline;\">Har du n\u00e5t kul p\u00e5 g\u00e5ng och beh\u00f6ver support med styrelse- konsult- eller interimsuppdrag s\u00e5 h\u00f6r av dig!<\/span><\/p>\n<\/div><\/section><\/p>\n<\/div><\/div>\n<style type=\"text\/css\" data-created_by=\"avia_inline_auto\" id=\"style-css-av-7fbld5-1ae28bdca206f6779f12538b0a941465\">\n.flex_cell.av-7fbld5-1ae28bdca206f6779f12538b0a941465{\nvertical-align:top;\nbackground-color:#379cd6;\n}\n.responsive #top #wrap_all .flex_cell.av-7fbld5-1ae28bdca206f6779f12538b0a941465{\npadding:100px 100px 100px 100px !important;\n}\n<\/style>\n<div class='flex_cell av-7fbld5-1ae28bdca206f6779f12538b0a941465 av-gridrow-cell av_one_half no_margin  avia-builder-el-12  el_after_av_cell_one_half  avia-builder-el-last  avia-full-stretch' ><div class='flex_cell_inner'><p>\n<style type=\"text\/css\" data-created_by=\"avia_inline_auto\" id=\"style-css-av-av_heading-01f781d3300650c446354cb43824c12b\">\n#top .av-special-heading.av-av_heading-01f781d3300650c446354cb43824c12b{\npadding-bottom:30px;\ncolor:#ffffff;\nfont-size:70px;\n}\nbody .av-special-heading.av-av_heading-01f781d3300650c446354cb43824c12b .av-special-heading-tag .heading-char{\nfont-size:25px;\n}\n#top #wrap_all .av-special-heading.av-av_heading-01f781d3300650c446354cb43824c12b .av-special-heading-tag{\nfont-size:70px;\n}\n.av-special-heading.av-av_heading-01f781d3300650c446354cb43824c12b .special-heading-inner-border{\nborder-color:#ffffff;\n}\n.av-special-heading.av-av_heading-01f781d3300650c446354cb43824c12b .av-subheading{\nfont-size:15px;\n}\n\n@media only screen and (min-width: 480px) and (max-width: 767px){ \n#top #wrap_all .av-special-heading.av-av_heading-01f781d3300650c446354cb43824c12b .av-special-heading-tag{\nfont-size:0.8em;\n}\n}\n\n@media only screen and (max-width: 479px){ \n#top #wrap_all .av-special-heading.av-av_heading-01f781d3300650c446354cb43824c12b .av-special-heading-tag{\nfont-size:0.8em;\n}\n}\n<\/style>\n<div  class='av-special-heading av-av_heading-01f781d3300650c446354cb43824c12b av-special-heading-h1 custom-color-heading blockquote modern-quote  avia-builder-el-13  el_before_av_one_half  avia-builder-el-first  av-inherit-size'><h1 class='av-special-heading-tag'  itemprop=\"headline\"  >Kontakta mig!<\/h1><div class=\"special-heading-border\"><div class=\"special-heading-inner-border\"><\/div><\/div><\/div><br \/>\n\n<style type=\"text\/css\" data-created_by=\"avia_inline_auto\" id=\"style-css-av-70iy7l-030b22fb5b41bf5215dda053b45a3559\">\n.flex_column.av-70iy7l-030b22fb5b41bf5215dda053b45a3559{\n-webkit-border-radius:0px 0px 0px 0px;\n-moz-border-radius:0px 0px 0px 0px;\nborder-radius:0px 0px 0px 0px;\npadding:0px 0px 0px 0px;\n}\n<\/style>\n<div class='flex_column av-70iy7l-030b22fb5b41bf5215dda053b45a3559 av_one_half  avia-builder-el-14  el_after_av_heading  el_before_av_one_half  first flex_column_div av-zero-column-padding '     ><style type=\"text\/css\" data-created_by=\"avia_inline_auto\" id=\"style-css-av-6w19zt-7272b93ba834322cb44f3d115294b444\">\n#top .av_textblock_section.av-6w19zt-7272b93ba834322cb44f3d115294b444 .avia_textblock{\ncolor:#ffffff;\n}\n<\/style>\n<section  class='av_textblock_section av-6w19zt-7272b93ba834322cb44f3d115294b444'  itemscope=\"itemscope\" itemtype=\"https:\/\/schema.org\/CreativeWork\" ><div class='avia_textblock av_inherit_color'  itemprop=\"text\" ><p>Maila mig: <a href=\"mailto:janne@reseoit.se\">janne@reseoit.se<\/a><\/p>\n<p>Ring mig: 0709 679133<\/p>\n<p>Skype: ezyjanne<\/p>\n<p><a href=\"https:\/\/www.linkedin.com\/in\/janne-nordlander-9a63322\/\">Linked In<\/a><\/p>\n<\/div><\/section><\/div>\n<style type=\"text\/css\" data-created_by=\"avia_inline_auto\" id=\"style-css-av-6qglgh-a7cdd08b0182236fe17e18c5f1c109ec\">\n.flex_column.av-6qglgh-a7cdd08b0182236fe17e18c5f1c109ec{\n-webkit-border-radius:0px 0px 0px 0px;\n-moz-border-radius:0px 0px 0px 0px;\nborder-radius:0px 0px 0px 0px;\npadding:0px 0px 0px 0px;\n}\n<\/style>\n<div class='flex_column av-6qglgh-a7cdd08b0182236fe17e18c5f1c109ec av_one_half  avia-builder-el-16  el_after_av_one_half  el_before_av_hr  flex_column_div av-zero-column-padding '     ><\/div>\n<style type=\"text\/css\" data-created_by=\"avia_inline_auto\" id=\"style-css-av-6m49dd-cc99c3939efc980496121d98f7e59195\">\n#top .hr.hr-invisible.av-6m49dd-cc99c3939efc980496121d98f7e59195{\nheight:160px;\n}\n<\/style>\n<div  class='hr av-6m49dd-cc99c3939efc980496121d98f7e59195 hr-invisible  avia-builder-el-17  el_after_av_one_half  el_before_av_button '><span class='hr-inner '><span class=\"hr-inner-style\"><\/span><\/span><\/div><br \/>\n<div  class='avia-button-wrap av-6dpdtl-c0754a11a7aabc6d608f4fea2ea89a7d-wrap avia-button-left  avia-builder-el-18  el_after_av_hr  avia-builder-el-last '><a href='https:\/\/www.reseoit.se\/index.php\/janne-nordlander\/'  class='avia-button av-6dpdtl-c0754a11a7aabc6d608f4fea2ea89a7d avia-icon_select-yes-right-icon avia-size-large avia-position-left av-icon-on-hover avia-color-light'  ><span class='avia_iconbox_title' >Mer om mig<\/span><span class='avia_button_icon avia_button_icon_right' aria-hidden='true' data-av_icon='\ue879' data-av_iconfont='entypo-fontello'><\/span><\/a><\/div><\/p>\n<\/div><\/div><\/div><div id='welcome'  class='av-layout-grid-container av-7w7fzh-0beadef475c10513cfbced196a56ee71 entry-content-wrapper main_color av-fixed-cells  avia-builder-el-19  el_after_av_layout_row  el_before_av_layout_row  grid-row-not-first  container_wrap sidebar_right'  >\n\n<style type=\"text\/css\" data-created_by=\"avia_inline_auto\" id=\"style-css-av-7p7cd9-4ac2742e1b09060ff0aa25ac45e204b9\">\n.flex_cell.av-7p7cd9-4ac2742e1b09060ff0aa25ac45e204b9{\nvertical-align:top;\nheight:15px;\nmin-height:15px;\nbackground-color:#2388C2;\n}\n.responsive #top #wrap_all .flex_cell.av-7p7cd9-4ac2742e1b09060ff0aa25ac45e204b9{\npadding:0px 0px 0px 0px !important;\n}\n<\/style>\n<div class='flex_cell av-7p7cd9-4ac2742e1b09060ff0aa25ac45e204b9 av-gridrow-cell av_one_fourth no_margin  avia-builder-el-20  el_before_av_cell_one_fourth  avia-builder-el-first  av-zero-padding' ><div class='flex_cell_inner'><\/div><\/div>\n<style type=\"text\/css\" data-created_by=\"avia_inline_auto\" id=\"style-css-av-7ibiat-3e06bc54aff65b59d23d4e37030213e5\">\n.flex_cell.av-7ibiat-3e06bc54aff65b59d23d4e37030213e5{\nvertical-align:top;\nheight:15px;\nmin-height:15px;\nbackground-color:#379cd6;\n}\n.responsive #top #wrap_all .flex_cell.av-7ibiat-3e06bc54aff65b59d23d4e37030213e5{\npadding:0px 0px 0px 0px !important;\n}\n<\/style>\n<div class='flex_cell av-7ibiat-3e06bc54aff65b59d23d4e37030213e5 av-gridrow-cell av_one_fourth no_margin  avia-builder-el-21  el_after_av_cell_one_fourth  el_before_av_cell_one_fourth  av-zero-padding' ><div class='flex_cell_inner'><\/div><\/div>\n<style type=\"text\/css\" data-created_by=\"avia_inline_auto\" id=\"style-css-av-qa5x9-1de72140fbe073416ead223a7ce31c48\">\n.flex_cell.av-qa5x9-1de72140fbe073416ead223a7ce31c48{\nvertical-align:top;\nheight:15px;\nmin-height:15px;\nbackground-color:#5fb4e4;\n}\n.responsive #top #wrap_all .flex_cell.av-qa5x9-1de72140fbe073416ead223a7ce31c48{\npadding:0px 0px 0px 0px !important;\n}\n<\/style>\n<div class='flex_cell av-qa5x9-1de72140fbe073416ead223a7ce31c48 av-gridrow-cell av_one_fourth no_margin  avia-builder-el-22  el_after_av_cell_one_fourth  el_before_av_cell_one_fourth  av-zero-padding' ><div class='flex_cell_inner'><\/div><\/div>\n<style type=\"text\/css\" data-created_by=\"avia_inline_auto\" id=\"style-css-av-777sn1-efeeedc4c6651d2dbbd51b69e77296b1\">\n.flex_cell.av-777sn1-efeeedc4c6651d2dbbd51b69e77296b1{\nvertical-align:top;\nheight:15px;\nmin-height:15px;\nbackground-color:#80c7ef;\n}\n.responsive #top #wrap_all .flex_cell.av-777sn1-efeeedc4c6651d2dbbd51b69e77296b1{\npadding:0px 0px 0px 0px !important;\n}\n<\/style>\n<div class='flex_cell av-777sn1-efeeedc4c6651d2dbbd51b69e77296b1 av-gridrow-cell av_one_fourth no_margin  avia-builder-el-23  el_after_av_cell_one_fourth  avia-builder-el-last  av-zero-padding' ><div class='flex_cell_inner'><\/div><\/div>\n<\/div>\n<div id='av-layout-grid-4'  class='av-layout-grid-container av-32lfb5-d76e08f64883c51c1bc1b5d6cbca4733 entry-content-wrapper main_color av-flex-cells  avia-builder-el-24  el_after_av_layout_row  el_before_av_layout_row  grid-row-not-first  container_wrap sidebar_right'  >\n\n<style type=\"text\/css\" data-created_by=\"avia_inline_auto\" id=\"style-css-av-2vh3op-f1a0122cce3ca65586fb5a82367c96af\">\n.flex_cell.av-2vh3op-f1a0122cce3ca65586fb5a82367c96af{\nvertical-align:middle;\n}\n.responsive #top #wrap_all .flex_cell.av-2vh3op-f1a0122cce3ca65586fb5a82367c96af{\npadding:0px 0px 0px 0px !important;\n}\n<\/style>\n<div class='flex_cell av-2vh3op-f1a0122cce3ca65586fb5a82367c96af av-gridrow-cell av_one_full no_margin  avia-builder-el-25  avia-builder-el-no-sibling  av-zero-padding avia-full-stretch' ><div class='flex_cell_inner'><\/div><\/div>\n<\/div>\n<div id='welcome'  class='av-layout-grid-container av-7w7fzh-0beadef475c10513cfbced196a56ee71 entry-content-wrapper main_color av-fixed-cells  avia-builder-el-26  el_after_av_layout_row  avia-builder-el-last  grid-row-not-first  container_wrap sidebar_right'  >\n\n<style type=\"text\/css\" data-created_by=\"avia_inline_auto\" id=\"style-css-av-7p7cd9-4ac2742e1b09060ff0aa25ac45e204b9\">\n.flex_cell.av-7p7cd9-4ac2742e1b09060ff0aa25ac45e204b9{\nvertical-align:top;\nheight:15px;\nmin-height:15px;\nbackground-color:#2388C2;\n}\n.responsive #top #wrap_all .flex_cell.av-7p7cd9-4ac2742e1b09060ff0aa25ac45e204b9{\npadding:0px 0px 0px 0px !important;\n}\n<\/style>\n<div class='flex_cell av-7p7cd9-4ac2742e1b09060ff0aa25ac45e204b9 av-gridrow-cell av_one_fourth no_margin  avia-builder-el-27  el_before_av_cell_one_fourth  avia-builder-el-first  av-zero-padding' ><div class='flex_cell_inner'><\/div><\/div>\n<style type=\"text\/css\" data-created_by=\"avia_inline_auto\" id=\"style-css-av-7ibiat-3e06bc54aff65b59d23d4e37030213e5\">\n.flex_cell.av-7ibiat-3e06bc54aff65b59d23d4e37030213e5{\nvertical-align:top;\nheight:15px;\nmin-height:15px;\nbackground-color:#379cd6;\n}\n.responsive #top #wrap_all .flex_cell.av-7ibiat-3e06bc54aff65b59d23d4e37030213e5{\npadding:0px 0px 0px 0px !important;\n}\n<\/style>\n<div class='flex_cell av-7ibiat-3e06bc54aff65b59d23d4e37030213e5 av-gridrow-cell av_one_fourth no_margin  avia-builder-el-28  el_after_av_cell_one_fourth  el_before_av_cell_one_fourth  av-zero-padding' ><div class='flex_cell_inner'><\/div><\/div>\n<style type=\"text\/css\" data-created_by=\"avia_inline_auto\" id=\"style-css-av-qa5x9-1de72140fbe073416ead223a7ce31c48\">\n.flex_cell.av-qa5x9-1de72140fbe073416ead223a7ce31c48{\nvertical-align:top;\nheight:15px;\nmin-height:15px;\nbackground-color:#5fb4e4;\n}\n.responsive #top #wrap_all .flex_cell.av-qa5x9-1de72140fbe073416ead223a7ce31c48{\npadding:0px 0px 0px 0px !important;\n}\n<\/style>\n<div class='flex_cell av-qa5x9-1de72140fbe073416ead223a7ce31c48 av-gridrow-cell av_one_fourth no_margin  avia-builder-el-29  el_after_av_cell_one_fourth  el_before_av_cell_one_fourth  av-zero-padding' ><div class='flex_cell_inner'><\/div><\/div>\n<style type=\"text\/css\" data-created_by=\"avia_inline_auto\" id=\"style-css-av-777sn1-efeeedc4c6651d2dbbd51b69e77296b1\">\n.flex_cell.av-777sn1-efeeedc4c6651d2dbbd51b69e77296b1{\nvertical-align:top;\nheight:15px;\nmin-height:15px;\nbackground-color:#80c7ef;\n}\n.responsive #top #wrap_all .flex_cell.av-777sn1-efeeedc4c6651d2dbbd51b69e77296b1{\npadding:0px 0px 0px 0px !important;\n}\n<\/style>\n<div class='flex_cell av-777sn1-efeeedc4c6651d2dbbd51b69e77296b1 av-gridrow-cell av_one_fourth no_margin  avia-builder-el-30  el_after_av_cell_one_fourth  avia-builder-el-last  av-zero-padding' ><div class='flex_cell_inner'><\/div><\/div>\n<\/div>\n","protected":false},"excerpt":{"rendered":"","protected":false},"author":101011,"featured_media":0,"parent":0,"menu_order":0,"comment_status":"closed","ping_status":"closed","template":"","meta":[],"_links":{"self":[{"href":"https:\/\/www.reseoit.se\/index.php\/wp-json\/wp\/v2\/pages\/377"}],"collection":[{"href":"https:\/\/www.reseoit.se\/index.php\/wp-json\/wp\/v2\/pages"}],"about":[{"href":"https:\/\/www.reseoit.se\/index.php\/wp-json\/wp\/v2\/types\/page"}],"author":[{"embeddable":true,"href":"https:\/\/www.reseoit.se\/index.php\/wp-json\/wp\/v2\/users\/101011"}],"replies":[{"embeddable":true,"href":"https:\/\/www.reseoit.se\/index.php\/wp-json\/wp\/v2\/comments?post=377"}],"version-history":[{"count":18,"href":"https:\/\/www.reseoit.se\/index.php\/wp-json\/wp\/v2\/pages\/377\/revisions"}],"predecessor-version":[{"id":540,"href":"https:\/\/www.reseoit.se\/index.php\/wp-json\/wp\/v2\/pages\/377\/revisions\/540"}],"wp:attachment":[{"href":"https:\/\/www.reseoit.se\/index.php\/wp-json\/wp\/v2\/media?parent=377"}],"curies":[{"name":"wp","href":"https:\/\/api.w.org\/{rel}","templated":true}]}}